{"id":5712,"date":"2025-09-11T14:16:59","date_gmt":"2025-09-11T12:16:59","guid":{"rendered":"https:\/\/www.elizabeth-hotel.hu\/hirlevel-feliratkozas\/"},"modified":"2025-09-30T13:28:33","modified_gmt":"2025-09-30T11:28:33","slug":"newsletter-subscribe","status":"publish","type":"page","link":"https:\/\/www.elizabeth-hotel.hu\/en\/newsletter-subscribe\/","title":{"rendered":"Newsletter Subscription"},"content":{"rendered":"<p><div class=\"fusion-fullwidth fullwidth-box fusion-builder-row-1 fusion-flex-container has-pattern-background has-mask-background nonhundred-percent-fullwidth non-hundred-percent-height-scrolling\" style=\"--link_hover_color: var(--awb-custom_color_1);--link_color: var(--awb-color5);--awb-border-radius-top-left:0px;--awb-border-radius-top-right:0px;--awb-border-radius-bottom-right:0px;--awb-border-radius-bottom-left:0px;--awb-padding-top:60px;--awb-padding-bottom:30px;--awb-background-color:var(--awb-color2);--awb-flex-wrap:wrap;\" ><div class=\"awb-background-pattern\" style=\"background-image:  url(https:\/\/www.elizabeth-hotel.hu\/wp-content\/uploads\/2023\/10\/elizabeth_hotel_mintazat_v1.svg);opacity: 0.03 ;background-size:150px;mix-blend-mode:normal;\"><\/div><div class=\"fusion-builder-row fusion-row fusion-flex-align-items-center fusion-flex-justify-content-center fusion-flex-content-wrap\" style=\"max-width:1248px;margin-left: calc(-4% \/ 2 );margin-right: calc(-4% \/ 2 );\"><div class=\"fusion-layout-column fusion_builder_column fusion-builder-column-0 fusion_builder_column_1_1 1_1 fusion-flex-column fusion-animated\" style=\"--awb-bg-size:cover;--awb-width-large:100%;--awb-margin-top-large:0px;--awb-spacing-right-large:1.92%;--awb-margin-bottom-large:20px;--awb-spacing-left-large:1.92%;--awb-width-medium:100%;--awb-order-medium:2;--awb-spacing-right-medium:1.92%;--awb-spacing-left-medium:1.92%;--awb-width-small:100%;--awb-order-small:2;--awb-spacing-right-small:1.92%;--awb-spacing-left-small:1.92%;\" data-animationType=\"fadeInRight\" data-animationDuration=\"1.0\" data-animationOffset=\"top-into-view\" data-motion-effects=\"[{&quot;type&quot;:&quot;&quot;,&quot;scroll_type&quot;:&quot;transition&quot;,&quot;scroll_direction&quot;:&quot;up&quot;,&quot;transition_speed&quot;:&quot;1&quot;,&quot;fade_type&quot;:&quot;in&quot;,&quot;scale_type&quot;:&quot;up&quot;,&quot;initial_scale&quot;:&quot;1&quot;,&quot;max_scale&quot;:&quot;1.5&quot;,&quot;min_scale&quot;:&quot;0.5&quot;,&quot;initial_rotate&quot;:&quot;0&quot;,&quot;end_rotate&quot;:&quot;30&quot;,&quot;initial_blur&quot;:&quot;0&quot;,&quot;end_blur&quot;:&quot;3&quot;,&quot;start_element&quot;:&quot;top&quot;,&quot;start_viewport&quot;:&quot;bottom&quot;,&quot;end_element&quot;:&quot;bottom&quot;,&quot;end_viewport&quot;:&quot;top&quot;,&quot;mouse_effect&quot;:&quot;track&quot;,&quot;mouse_effect_direction&quot;:&quot;opposite&quot;,&quot;mouse_effect_speed&quot;:&quot;2&quot;,&quot;infinite_animation&quot;:&quot;float&quot;,&quot;infinite_animation_speed&quot;:&quot;2&quot;}]\" data-scroll-devices=\"small-visibility,medium-visibility,large-visibility\"><div class=\"fusion-column-wrapper fusion-column-has-shadow fusion-flex-justify-content-flex-start fusion-content-layout-column\"><div class=\"fusion-title title fusion-title-1 fusion-sep-none fusion-title-center fusion-title-text fusion-title-size-two\" style=\"--awb-margin-top:0px;--awb-margin-top-small:0px;--awb-font-size:30px;\"><h2 class=\"fusion-title-heading title-heading-center fusion-responsive-typography-calculated\" style=\"margin:0;font-size:1em;--fontSize:30;line-height:1.4;\">Subscribe to our newsletter!<\/h2><\/div><div class=\"fusion-text fusion-text-1\"><p style=\"text-align: center;\">Be the first to hear about our hotel\u2019s offers and promotions, and stay informed about the latest news, updates, and seasonal prize draws.<\/p>\n<\/div><div class=\"_form_3\"><\/div><script src=\"https:\/\/elizabeth-hotel.activehosted.com\/f\/embed.php?id=3\" charset=\"utf-8\"><\/script><\/div><\/div><\/div><\/div><div class=\"fusion-fullwidth fullwidth-box fusion-builder-row-2 fusion-flex-container has-pattern-background has-mask-background customparallax_v1 nonhundred-percent-fullwidth non-hundred-percent-height-scrolling\" style=\"--awb-border-radius-top-left:0px;--awb-border-radius-top-right:0px;--awb-border-radius-bottom-right:0px;--awb-border-radius-bottom-left:0px;--awb-padding-top:100px;--awb-padding-bottom:80px;--awb-background-color:var(--awb-color7);--awb-flex-wrap:wrap;\" ><div class=\"awb-background-pattern\" style=\"background-image:  url(https:\/\/www.elizabeth-hotel.hu\/wp-content\/uploads\/2023\/10\/elizabeth_hotel_mintazat_v1.svg);opacity: 0.08 ;background-size:150px;mix-blend-mode:normal;\"><\/div><div class=\"fusion-builder-row fusion-row fusion-flex-align-items-flex-start fusion-flex-content-wrap\" style=\"max-width:1248px;margin-left: calc(-4% \/ 2 );margin-right: calc(-4% \/ 2 );\"><div class=\"fusion-layout-column fusion_builder_column fusion-builder-column-1 fusion_builder_column_1_1 1_1 fusion-flex-column\" style=\"--awb-bg-size:cover;--awb-width-large:100%;--awb-margin-top-large:0px;--awb-spacing-right-large:1.92%;--awb-margin-bottom-large:20px;--awb-spacing-left-large:1.92%;--awb-width-medium:100%;--awb-order-medium:0;--awb-spacing-right-medium:1.92%;--awb-spacing-left-medium:1.92%;--awb-width-small:100%;--awb-order-small:0;--awb-spacing-right-small:1.92%;--awb-spacing-left-small:1.92%;\"><div class=\"fusion-column-wrapper fusion-column-has-shadow fusion-flex-justify-content-flex-start fusion-content-layout-column\"><div class=\"fusion-title title fusion-title-2 fusion-sep-none fusion-title-center fusion-title-text fusion-title-size-three\" style=\"--awb-text-color:var(--awb-color1);--awb-font-size:36px;\"><h3 class=\"fusion-title-heading title-heading-center fusion-responsive-typography-calculated\" style=\"font-family:&quot;Castoro&quot;;font-style:normal;font-weight:400;margin:0;font-size:1em;--fontSize:36;line-height:1.4;\">Book in our Hotel with just a few clicks!<\/h3><\/div><div class=\"fusion-separator fusion-full-width-sep\" style=\"align-self: center;margin-left: auto;margin-right: auto;margin-top:10px;width:100%;\"><\/div><div class=\"fusion-text fusion-text-2\" style=\"--awb-content-alignment:center;--awb-text-color:var(--awb-color1);\"><p>Calculate our current rates and availability, then book an easy and simple online booking process for your stay at Elizabeth Hotel Superior, Gyula. If you have any questions about booking, please <a href=\"https:\/\/www.elizabeth-hotel.hu\/en\/contacts\/\">contact us<\/a>.<\/p>\n<\/div><div class=\"fusion-separator fusion-full-width-sep\" style=\"align-self: center;margin-left: auto;margin-right: auto;margin-top:10px;width:100%;\"><\/div><div style=\"text-align:center;\"><a class=\"fusion-button button-flat button-large button-custom fusion-button-default button-1 fusion-button-default-span fusion-button-default-type\" style=\"--button_accent_color:var(--awb-color1);--button_accent_hover_color:var(--awb-color1);--button_border_hover_color:var(--awb-color5);--button_border_width-top:2px;--button_border_width-right:2px;--button_border_width-bottom:2px;--button_border_width-left:2px;--button_gradient_angle:180deg;--button_gradient_top_color:hsla(var(--awb-color8-h),var(--awb-color8-s),var(--awb-color8-l),calc(var(--awb-color8-a) - 80%));--button_gradient_bottom_color:hsla(var(--awb-color8-h),var(--awb-color8-s),var(--awb-color8-l),calc(var(--awb-color8-a) - 80%));--button_gradient_top_color_hover:var(--awb-color5);--button_gradient_bottom_color_hover:var(--awb-color5);\" target=\"_self\" href=\"https:\/\/book.elizabeth-hotel.hu\/en\/booking\/search\"><i class=\"magisternikonokcalendar-clock button-icon-left\" aria-hidden=\"true\"><\/i><span class=\"fusion-button-text\">Offers and Reservation<\/span><\/a><\/div><\/div><\/div><\/div><\/div><\/p>\n","protected":false},"excerpt":{"rendered":"","protected":false},"author":1,"featured_media":0,"parent":0,"menu_order":0,"comment_status":"closed","ping_status":"closed","template":"100-width.php","meta":{"footnotes":""},"class_list":["post-5712","page","type-page","status-publish","hentry"],"acf":[],"yoast_head":"<!-- This site is optimized with the Yoast SEO Premium plugin v22.8 (Yoast SEO v22.8) - https:\/\/yoast.com\/wordpress\/plugins\/seo\/ -->\n<title>Newsletter Subscription - Elizabeth Hotel<\/title>\n<meta name=\"description\" content=\"Az Elizabeth Hotel**** el\u00e9rhet\u0151s\u00e9gei \u00e9s megk\u00f6zel\u00edthet\u0151s\u00e9ge t\u00e9rk\u00e9pen. Parkol\u00e1si inform\u00e1ci\u00f3k\u00e9rt olvassa el vend\u00e9gt\u00e1j\u00e9koztat\u00f3nkat!\" \/>\n<meta name=\"robots\" content=\"index, follow, max-snippet:-1, max-image-preview:large, max-video-preview:-1\" \/>\n<link rel=\"canonical\" href=\"https:\/\/www.elizabeth-hotel.hu\/en\/newsletter-subscribe\/\" \/>\n<meta property=\"og:locale\" content=\"en_US\" \/>\n<meta property=\"og:type\" content=\"article\" \/>\n<meta property=\"og:title\" content=\"Newsletter Subscription\" \/>\n<meta property=\"og:description\" content=\"Az Elizabeth Hotel**** el\u00e9rhet\u0151s\u00e9gei \u00e9s megk\u00f6zel\u00edthet\u0151s\u00e9ge t\u00e9rk\u00e9pen. Parkol\u00e1si inform\u00e1ci\u00f3k\u00e9rt olvassa el vend\u00e9gt\u00e1j\u00e9koztat\u00f3nkat!\" \/>\n<meta property=\"og:url\" content=\"https:\/\/www.elizabeth-hotel.hu\/en\/newsletter-subscribe\/\" \/>\n<meta property=\"og:site_name\" content=\"Elizabeth Hotel\" \/>\n<meta property=\"article:modified_time\" content=\"2025-09-30T11:28:33+00:00\" \/>\n<meta property=\"og:image\" content=\"https:\/\/www.elizabeth-hotel.hu\/wp-content\/uploads\/2023\/11\/A7R03072.jpg\" \/>\n\t<meta property=\"og:image:width\" content=\"1200\" \/>\n\t<meta property=\"og:image:height\" content=\"801\" \/>\n\t<meta property=\"og:image:type\" content=\"image\/jpeg\" \/>\n<meta name=\"twitter:card\" content=\"summary_large_image\" \/>\n<meta name=\"twitter:label1\" content=\"Est. reading time\" \/>\n\t<meta name=\"twitter:data1\" content=\"1 minute\" \/>\n<script type=\"application\/ld+json\" class=\"yoast-schema-graph\">{\"@context\":\"https:\/\/schema.org\",\"@graph\":[{\"@type\":\"WebPage\",\"@id\":\"https:\/\/www.elizabeth-hotel.hu\/en\/newsletter-subscribe\/\",\"url\":\"https:\/\/www.elizabeth-hotel.hu\/en\/newsletter-subscribe\/\",\"name\":\"Newsletter Subscription - Elizabeth Hotel\",\"isPartOf\":{\"@id\":\"https:\/\/www.elizabeth-hotel.hu\/en\/#website\"},\"datePublished\":\"2025-09-11T12:16:59+00:00\",\"dateModified\":\"2025-09-30T11:28:33+00:00\",\"description\":\"Az Elizabeth Hotel**** el\u00e9rhet\u0151s\u00e9gei \u00e9s megk\u00f6zel\u00edthet\u0151s\u00e9ge t\u00e9rk\u00e9pen. Parkol\u00e1si inform\u00e1ci\u00f3k\u00e9rt olvassa el vend\u00e9gt\u00e1j\u00e9koztat\u00f3nkat!\",\"breadcrumb\":{\"@id\":\"https:\/\/www.elizabeth-hotel.hu\/en\/newsletter-subscribe\/#breadcrumb\"},\"inLanguage\":\"en-US\",\"potentialAction\":[{\"@type\":\"ReadAction\",\"target\":[\"https:\/\/www.elizabeth-hotel.hu\/en\/newsletter-subscribe\/\"]}]},{\"@type\":\"BreadcrumbList\",\"@id\":\"https:\/\/www.elizabeth-hotel.hu\/en\/newsletter-subscribe\/#breadcrumb\",\"itemListElement\":[{\"@type\":\"ListItem\",\"position\":1,\"name\":\"Home\",\"item\":\"https:\/\/www.elizabeth-hotel.hu\/en\/\"},{\"@type\":\"ListItem\",\"position\":2,\"name\":\"Newsletter Subscription\"}]},{\"@type\":\"WebSite\",\"@id\":\"https:\/\/www.elizabeth-hotel.hu\/en\/#website\",\"url\":\"https:\/\/www.elizabeth-hotel.hu\/en\/\",\"name\":\"Elizabeth Hotel\",\"description\":\"Elizabeth Hotel**** - Gyula\",\"publisher\":{\"@id\":\"https:\/\/www.elizabeth-hotel.hu\/en\/#organization\"},\"potentialAction\":[{\"@type\":\"SearchAction\",\"target\":{\"@type\":\"EntryPoint\",\"urlTemplate\":\"https:\/\/www.elizabeth-hotel.hu\/en\/?s={search_term_string}\"},\"query-input\":\"required name=search_term_string\"}],\"inLanguage\":\"en-US\"},{\"@type\":\"Organization\",\"@id\":\"https:\/\/www.elizabeth-hotel.hu\/en\/#organization\",\"name\":\"Hotel Magistern\",\"alternateName\":\"Konferencia \u00e9s Wellnesshotel\",\"url\":\"https:\/\/www.elizabeth-hotel.hu\/en\/\",\"logo\":{\"@type\":\"ImageObject\",\"inLanguage\":\"en-US\",\"@id\":\"https:\/\/www.elizabeth-hotel.hu\/en\/#\/schema\/logo\/image\/\",\"url\":\"\",\"contentUrl\":\"\",\"caption\":\"Hotel Magistern\"},\"image\":{\"@id\":\"https:\/\/www.elizabeth-hotel.hu\/en\/#\/schema\/logo\/image\/\"}}]}<\/script>\n<!-- \/ Yoast SEO Premium plugin. -->","yoast_head_json":{"title":"Newsletter Subscription - Elizabeth Hotel","description":"Az Elizabeth Hotel**** el\u00e9rhet\u0151s\u00e9gei \u00e9s megk\u00f6zel\u00edthet\u0151s\u00e9ge t\u00e9rk\u00e9pen. Parkol\u00e1si inform\u00e1ci\u00f3k\u00e9rt olvassa el vend\u00e9gt\u00e1j\u00e9koztat\u00f3nkat!","robots":{"index":"index","follow":"follow","max-snippet":"max-snippet:-1","max-image-preview":"max-image-preview:large","max-video-preview":"max-video-preview:-1"},"canonical":"https:\/\/www.elizabeth-hotel.hu\/en\/newsletter-subscribe\/","og_locale":"en_US","og_type":"article","og_title":"Newsletter Subscription","og_description":"Az Elizabeth Hotel**** el\u00e9rhet\u0151s\u00e9gei \u00e9s megk\u00f6zel\u00edthet\u0151s\u00e9ge t\u00e9rk\u00e9pen. Parkol\u00e1si inform\u00e1ci\u00f3k\u00e9rt olvassa el vend\u00e9gt\u00e1j\u00e9koztat\u00f3nkat!","og_url":"https:\/\/www.elizabeth-hotel.hu\/en\/newsletter-subscribe\/","og_site_name":"Elizabeth Hotel","article_modified_time":"2025-09-30T11:28:33+00:00","og_image":[{"width":1200,"height":801,"url":"https:\/\/www.elizabeth-hotel.hu\/wp-content\/uploads\/2023\/11\/A7R03072.jpg","type":"image\/jpeg"}],"twitter_card":"summary_large_image","twitter_misc":{"Est. reading time":"1 minute"},"schema":{"@context":"https:\/\/schema.org","@graph":[{"@type":"WebPage","@id":"https:\/\/www.elizabeth-hotel.hu\/en\/newsletter-subscribe\/","url":"https:\/\/www.elizabeth-hotel.hu\/en\/newsletter-subscribe\/","name":"Newsletter Subscription - Elizabeth Hotel","isPartOf":{"@id":"https:\/\/www.elizabeth-hotel.hu\/en\/#website"},"datePublished":"2025-09-11T12:16:59+00:00","dateModified":"2025-09-30T11:28:33+00:00","description":"Az Elizabeth Hotel**** el\u00e9rhet\u0151s\u00e9gei \u00e9s megk\u00f6zel\u00edthet\u0151s\u00e9ge t\u00e9rk\u00e9pen. Parkol\u00e1si inform\u00e1ci\u00f3k\u00e9rt olvassa el vend\u00e9gt\u00e1j\u00e9koztat\u00f3nkat!","breadcrumb":{"@id":"https:\/\/www.elizabeth-hotel.hu\/en\/newsletter-subscribe\/#breadcrumb"},"inLanguage":"en-US","potentialAction":[{"@type":"ReadAction","target":["https:\/\/www.elizabeth-hotel.hu\/en\/newsletter-subscribe\/"]}]},{"@type":"BreadcrumbList","@id":"https:\/\/www.elizabeth-hotel.hu\/en\/newsletter-subscribe\/#breadcrumb","itemListElement":[{"@type":"ListItem","position":1,"name":"Home","item":"https:\/\/www.elizabeth-hotel.hu\/en\/"},{"@type":"ListItem","position":2,"name":"Newsletter Subscription"}]},{"@type":"WebSite","@id":"https:\/\/www.elizabeth-hotel.hu\/en\/#website","url":"https:\/\/www.elizabeth-hotel.hu\/en\/","name":"Elizabeth Hotel","description":"Elizabeth Hotel**** - Gyula","publisher":{"@id":"https:\/\/www.elizabeth-hotel.hu\/en\/#organization"},"potentialAction":[{"@type":"SearchAction","target":{"@type":"EntryPoint","urlTemplate":"https:\/\/www.elizabeth-hotel.hu\/en\/?s={search_term_string}"},"query-input":"required name=search_term_string"}],"inLanguage":"en-US"},{"@type":"Organization","@id":"https:\/\/www.elizabeth-hotel.hu\/en\/#organization","name":"Hotel Magistern","alternateName":"Konferencia \u00e9s Wellnesshotel","url":"https:\/\/www.elizabeth-hotel.hu\/en\/","logo":{"@type":"ImageObject","inLanguage":"en-US","@id":"https:\/\/www.elizabeth-hotel.hu\/en\/#\/schema\/logo\/image\/","url":"","contentUrl":"","caption":"Hotel Magistern"},"image":{"@id":"https:\/\/www.elizabeth-hotel.hu\/en\/#\/schema\/logo\/image\/"}}]}},"_links":{"self":[{"href":"https:\/\/www.elizabeth-hotel.hu\/en\/wp-json\/wp\/v2\/pages\/5712","targetHints":{"allow":["GET"]}}],"collection":[{"href":"https:\/\/www.elizabeth-hotel.hu\/en\/wp-json\/wp\/v2\/pages"}],"about":[{"href":"https:\/\/www.elizabeth-hotel.hu\/en\/wp-json\/wp\/v2\/types\/page"}],"author":[{"embeddable":true,"href":"https:\/\/www.elizabeth-hotel.hu\/en\/wp-json\/wp\/v2\/users\/1"}],"replies":[{"embeddable":true,"href":"https:\/\/www.elizabeth-hotel.hu\/en\/wp-json\/wp\/v2\/comments?post=5712"}],"version-history":[{"count":3,"href":"https:\/\/www.elizabeth-hotel.hu\/en\/wp-json\/wp\/v2\/pages\/5712\/revisions"}],"predecessor-version":[{"id":5716,"href":"https:\/\/www.elizabeth-hotel.hu\/en\/wp-json\/wp\/v2\/pages\/5712\/revisions\/5716"}],"wp:attachment":[{"href":"https:\/\/www.elizabeth-hotel.hu\/en\/wp-json\/wp\/v2\/media?parent=5712"}],"curies":[{"name":"wp","href":"https:\/\/api.w.org\/{rel}","templated":true}]}}