{"id":3974,"date":"2023-10-16T23:08:15","date_gmt":"2023-10-16T21:08:15","guid":{"rendered":"https:\/\/www.elizabeth-hotel.hu\/szalloda\/guest-book\/"},"modified":"2023-11-09T07:10:19","modified_gmt":"2023-11-09T06:10:19","slug":"cartea-de-oaspeti","status":"publish","type":"page","link":"https:\/\/www.elizabeth-hotel.hu\/ro\/hotel\/cartea-de-oaspeti\/","title":{"rendered":"Cartea de oaspeti"},"content":{"rendered":"<div class=\"fusion-fullwidth fullwidth-box fusion-builder-row-1 fusion-flex-container has-pattern-background has-mask-background nonhundred-percent-fullwidth non-hundred-percent-height-scrolling\" style=\"--awb-border-radius-top-left:0px;--awb-border-radius-top-right:0px;--awb-border-radius-bottom-right:0px;--awb-border-radius-bottom-left:0px;--awb-padding-top:50px;--awb-background-color:var(--awb-color2);--awb-flex-wrap:wrap;\" ><div class=\"awb-background-pattern\" style=\"background-image:  url(https:\/\/www.elizabeth-hotel.hu\/wp-content\/uploads\/2023\/10\/elizabeth_hotel_mintazat_v1.svg);opacity: 0.03 ;background-size:150px;mix-blend-mode:normal;\"><\/div><div class=\"fusion-builder-row fusion-row fusion-flex-align-items-flex-start fusion-flex-justify-content-center fusion-flex-content-wrap\" style=\"max-width:1248px;margin-left: calc(-4% \/ 2 );margin-right: calc(-4% \/ 2 );\"><div class=\"fusion-layout-column fusion_builder_column fusion-builder-column-0 fusion_builder_column_1_1 1_1 fusion-flex-column\" style=\"--awb-bg-size:cover;--awb-width-large:100%;--awb-margin-top-large:0px;--awb-spacing-right-large:1.92%;--awb-margin-bottom-large:20px;--awb-spacing-left-large:1.92%;--awb-width-medium:100%;--awb-order-medium:0;--awb-spacing-right-medium:1.92%;--awb-spacing-left-medium:1.92%;--awb-width-small:100%;--awb-order-small:0;--awb-spacing-right-small:1.92%;--awb-spacing-left-small:1.92%;\"><div class=\"fusion-column-wrapper fusion-column-has-shadow fusion-flex-justify-content-flex-start fusion-content-layout-column\"><div class=\"fusion-text fusion-text-1\"><blockquote>\n<p><em>\u00d6r\u00f6mmel vessz\u00fck, ha megosztja \u00e9lm\u00e9nyeit, \u00e9szrev\u00e9teleit vend\u00e9gk\u00f6nyv\u00fcnkben, melyben megtekinthet\u0151 valamennyi, a sz\u00e1llod\u00e1nkr\u00f3l sz\u00f3l\u00f3 kor\u00e1bbi \u00e9rt\u00e9kel\u00e9s is. <\/em><em>Megk\u00f6sz\u00f6nj\u00fck hozz\u00e1sz\u00f3l\u00e1s\u00e1t, hiszen ezzel seg\u00edti munk\u00e1kat, hogy m\u00e9g kellemesebb\u00e9 tehess\u00fck vend\u00e9geink pihen\u00e9s\u00e9t!<\/em><\/p>\n<\/blockquote>\n<\/div><\/div><\/div><div class=\"fusion-layout-column fusion_builder_column fusion-builder-column-1 fusion_builder_column_1_2 1_2 fusion-flex-column fusion-flex-align-self-stretch fusion-animated\" style=\"--awb-padding-top:40px;--awb-padding-right:30px;--awb-padding-bottom:30px;--awb-padding-left:30px;--awb-overflow:hidden;--awb-bg-color:var(--awb-color1);--awb-bg-color-hover:var(--awb-color1);--awb-bg-size:cover;--awb-box-shadow:0px 10px 10px 0px rgba(0,0,0,0.25);;--awb-border-color:hsla(var(--awb-color8-h),var(--awb-color8-s),var(--awb-color8-l),calc(var(--awb-color8-a) - 80%));--awb-border-color-hover:var(--awb-color7);--awb-border-top:2px;--awb-border-right:2px;--awb-border-bottom:2px;--awb-border-left:2px;--awb-border-style:solid;--awb-border-radius:10px 10px 10px 10px;--awb-width-large:50%;--awb-margin-top-large:0px;--awb-spacing-right-large:3.84%;--awb-margin-bottom-large:40px;--awb-spacing-left-large:3.84%;--awb-width-medium:100%;--awb-order-medium:0;--awb-spacing-right-medium:1.92%;--awb-spacing-left-medium:1.92%;--awb-width-small:100%;--awb-order-small:0;--awb-spacing-right-small:1.92%;--awb-spacing-left-small:1.92%;\" data-animationType=\"fadeInUp\" data-animationDuration=\"1.0\" data-animationOffset=\"top-into-view\" data-motion-effects=\"[{&quot;type&quot;:&quot;&quot;,&quot;scroll_type&quot;:&quot;transition&quot;,&quot;scroll_direction&quot;:&quot;up&quot;,&quot;transition_speed&quot;:&quot;1&quot;,&quot;fade_type&quot;:&quot;in&quot;,&quot;scale_type&quot;:&quot;up&quot;,&quot;initial_scale&quot;:&quot;1&quot;,&quot;max_scale&quot;:&quot;1.5&quot;,&quot;min_scale&quot;:&quot;0.5&quot;,&quot;initial_rotate&quot;:&quot;0&quot;,&quot;end_rotate&quot;:&quot;30&quot;,&quot;initial_blur&quot;:&quot;0&quot;,&quot;end_blur&quot;:&quot;3&quot;,&quot;start_element&quot;:&quot;top&quot;,&quot;start_viewport&quot;:&quot;bottom&quot;,&quot;end_element&quot;:&quot;bottom&quot;,&quot;end_viewport&quot;:&quot;top&quot;,&quot;mouse_effect&quot;:&quot;track&quot;,&quot;mouse_effect_direction&quot;:&quot;opposite&quot;,&quot;mouse_effect_speed&quot;:&quot;2&quot;,&quot;infinite_animation&quot;:&quot;float&quot;,&quot;infinite_animation_speed&quot;:&quot;2&quot;}]\" data-scroll-devices=\"small-visibility,medium-visibility,large-visibility\"><div class=\"fusion-column-wrapper fusion-column-has-shadow fusion-flex-justify-content-center fusion-content-layout-column\"><ul style=\"--awb-item-padding-top:10px;--awb-item-padding-bottom:10px;--awb-iconcolor:var(--awb-color7);--awb-line-height:27.2px;--awb-icon-width:27.2px;--awb-icon-height:27.2px;--awb-icon-margin:11.2px;--awb-content-margin:38.4px;\" class=\"fusion-checklist fusion-checklist-1 type-icons\"><li class=\"fusion-li-item\" style=\"\"><span class=\"icon-wrapper circle-no\"><i class=\"fusion-li-icon magisternikonoktitle\" aria-hidden=\"true\"><\/i><\/span><div class=\"fusion-li-item-content\">\n<p><em>Nagyon j\u00f3l \u00e9rezt\u00fck magunkat ism\u00e9t, j\u00e1rtunk itt a ny\u00e1ron, most megn\u00e9zt\u00fcnk \u0151szi sz\u00edneiben a sz\u00e1llod\u00e1t. Csod\u00e1s!<\/em><\/p>\n<p style=\"text-align: right;\"><em>&#8211; Dia \u00e9s Roli<br \/>\n(Gy\u00f6ngy\u00f6spata \/ Apc)<\/em><\/p>\n<\/div><\/li><\/ul><\/div><\/div><div class=\"fusion-layout-column fusion_builder_column fusion-builder-column-2 fusion_builder_column_1_2 1_2 fusion-flex-column fusion-flex-align-self-stretch fusion-animated\" style=\"--awb-padding-top:40px;--awb-padding-right:30px;--awb-padding-bottom:30px;--awb-padding-left:30px;--awb-overflow:hidden;--awb-bg-color:var(--awb-color1);--awb-bg-color-hover:var(--awb-color1);--awb-bg-size:cover;--awb-box-shadow:0px 10px 10px 0px rgba(0,0,0,0.25);;--awb-border-color:hsla(var(--awb-color8-h),var(--awb-color8-s),var(--awb-color8-l),calc(var(--awb-color8-a) - 80%));--awb-border-color-hover:var(--awb-color7);--awb-border-top:2px;--awb-border-right:2px;--awb-border-bottom:2px;--awb-border-left:2px;--awb-border-style:solid;--awb-border-radius:10px 10px 10px 10px;--awb-width-large:50%;--awb-margin-top-large:0px;--awb-spacing-right-large:3.84%;--awb-margin-bottom-large:40px;--awb-spacing-left-large:3.84%;--awb-width-medium:100%;--awb-order-medium:0;--awb-spacing-right-medium:1.92%;--awb-spacing-left-medium:1.92%;--awb-width-small:100%;--awb-order-small:0;--awb-spacing-right-small:1.92%;--awb-spacing-left-small:1.92%;\" data-animationType=\"fadeInUp\" data-animationDuration=\"1.0\" data-animationOffset=\"top-into-view\" data-motion-effects=\"[{&quot;type&quot;:&quot;&quot;,&quot;scroll_type&quot;:&quot;transition&quot;,&quot;scroll_direction&quot;:&quot;up&quot;,&quot;transition_speed&quot;:&quot;1&quot;,&quot;fade_type&quot;:&quot;in&quot;,&quot;scale_type&quot;:&quot;up&quot;,&quot;initial_scale&quot;:&quot;1&quot;,&quot;max_scale&quot;:&quot;1.5&quot;,&quot;min_scale&quot;:&quot;0.5&quot;,&quot;initial_rotate&quot;:&quot;0&quot;,&quot;end_rotate&quot;:&quot;30&quot;,&quot;initial_blur&quot;:&quot;0&quot;,&quot;end_blur&quot;:&quot;3&quot;,&quot;start_element&quot;:&quot;top&quot;,&quot;start_viewport&quot;:&quot;bottom&quot;,&quot;end_element&quot;:&quot;bottom&quot;,&quot;end_viewport&quot;:&quot;top&quot;,&quot;mouse_effect&quot;:&quot;track&quot;,&quot;mouse_effect_direction&quot;:&quot;opposite&quot;,&quot;mouse_effect_speed&quot;:&quot;2&quot;,&quot;infinite_animation&quot;:&quot;float&quot;,&quot;infinite_animation_speed&quot;:&quot;2&quot;}]\" data-scroll-devices=\"small-visibility,medium-visibility,large-visibility\"><div class=\"fusion-column-wrapper fusion-column-has-shadow fusion-flex-justify-content-center fusion-content-layout-column\"><ul style=\"--awb-item-padding-top:10px;--awb-item-padding-bottom:10px;--awb-iconcolor:var(--awb-color7);--awb-line-height:27.2px;--awb-icon-width:27.2px;--awb-icon-height:27.2px;--awb-icon-margin:11.2px;--awb-content-margin:38.4px;\" class=\"fusion-checklist fusion-checklist-2 type-icons\"><li class=\"fusion-li-item\" style=\"\"><span class=\"icon-wrapper circle-no\"><i class=\"fusion-li-icon magisternikonoktitle\" aria-hidden=\"true\"><\/i><\/span><div class=\"fusion-li-item-content\">\n<p><em>El\u0151sz\u00f6r j\u00e1rtunk az Elizabeth hotelben.Nagyon kellemes 3 napot t\u00f6lt\u00f6tt\u00fcnk a sz\u00e1llod\u00e1ban.A szem\u00e9lyzet mos\u00f3lyg\u00f3s kedves seg\u00edt\u0151k\u00e9sz.Az \u00e9telek finomak b\u0151s\u00e9gesek.Tiszta kellemes k\u00f6rnyezet v\u00e1rt benn\u00fcnket.Biztosan visszamegy\u00fcnk m\u00e9g csak vissz\u00fck a csal\u00e1dot is.K\u00f6sz\u00f6n\u00fcnk mindent.<\/em><\/p>\n<p style=\"text-align: right;\"><em>&#8211; G\u00e1bor \u00e9s M\u00f3nika<\/em><\/p>\n<\/div><\/li><\/ul><\/div><\/div><div class=\"fusion-layout-column fusion_builder_column fusion-builder-column-3 fusion_builder_column_1_2 1_2 fusion-flex-column fusion-flex-align-self-stretch fusion-animated\" style=\"--awb-padding-top:40px;--awb-padding-right:30px;--awb-padding-bottom:30px;--awb-padding-left:30px;--awb-overflow:hidden;--awb-bg-color:var(--awb-color1);--awb-bg-color-hover:var(--awb-color1);--awb-bg-size:cover;--awb-box-shadow:0px 10px 10px 0px rgba(0,0,0,0.25);;--awb-border-color:hsla(var(--awb-color8-h),var(--awb-color8-s),var(--awb-color8-l),calc(var(--awb-color8-a) - 80%));--awb-border-color-hover:var(--awb-color7);--awb-border-top:2px;--awb-border-right:2px;--awb-border-bottom:2px;--awb-border-left:2px;--awb-border-style:solid;--awb-border-radius:10px 10px 10px 10px;--awb-width-large:50%;--awb-margin-top-large:0px;--awb-spacing-right-large:3.84%;--awb-margin-bottom-large:40px;--awb-spacing-left-large:3.84%;--awb-width-medium:100%;--awb-order-medium:0;--awb-spacing-right-medium:1.92%;--awb-spacing-left-medium:1.92%;--awb-width-small:100%;--awb-order-small:0;--awb-spacing-right-small:1.92%;--awb-spacing-left-small:1.92%;\" data-animationType=\"fadeInUp\" data-animationDuration=\"1.0\" data-animationOffset=\"top-into-view\" data-motion-effects=\"[{&quot;type&quot;:&quot;&quot;,&quot;scroll_type&quot;:&quot;transition&quot;,&quot;scroll_direction&quot;:&quot;up&quot;,&quot;transition_speed&quot;:&quot;1&quot;,&quot;fade_type&quot;:&quot;in&quot;,&quot;scale_type&quot;:&quot;up&quot;,&quot;initial_scale&quot;:&quot;1&quot;,&quot;max_scale&quot;:&quot;1.5&quot;,&quot;min_scale&quot;:&quot;0.5&quot;,&quot;initial_rotate&quot;:&quot;0&quot;,&quot;end_rotate&quot;:&quot;30&quot;,&quot;initial_blur&quot;:&quot;0&quot;,&quot;end_blur&quot;:&quot;3&quot;,&quot;start_element&quot;:&quot;top&quot;,&quot;start_viewport&quot;:&quot;bottom&quot;,&quot;end_element&quot;:&quot;bottom&quot;,&quot;end_viewport&quot;:&quot;top&quot;,&quot;mouse_effect&quot;:&quot;track&quot;,&quot;mouse_effect_direction&quot;:&quot;opposite&quot;,&quot;mouse_effect_speed&quot;:&quot;2&quot;,&quot;infinite_animation&quot;:&quot;float&quot;,&quot;infinite_animation_speed&quot;:&quot;2&quot;}]\" data-scroll-devices=\"small-visibility,medium-visibility,large-visibility\"><div class=\"fusion-column-wrapper fusion-column-has-shadow fusion-flex-justify-content-center fusion-content-layout-column\"><ul style=\"--awb-item-padding-top:10px;--awb-item-padding-bottom:10px;--awb-iconcolor:var(--awb-color7);--awb-line-height:27.2px;--awb-icon-width:27.2px;--awb-icon-height:27.2px;--awb-icon-margin:11.2px;--awb-content-margin:38.4px;\" class=\"fusion-checklist fusion-checklist-3 type-icons\"><li class=\"fusion-li-item\" style=\"\"><span class=\"icon-wrapper circle-no\"><i class=\"fusion-li-icon magisternikonoktitle\" aria-hidden=\"true\"><\/i><\/span><div class=\"fusion-li-item-content\">\n<p><em>Csod\u00e1latos 3 napot t\u00f6lt\u00f6tt\u00fcnk el.<br \/>\nA sz\u00e1lloda nagyon sz\u00e9p \u00e9s J\u00f3 helyen van<br \/>\nA szem\u00e9lyzet nagyon seg\u00edt\u0151k\u00e9sz \u00e9s kedves. Az \u00e9telek finomak!A tisztas\u00e1g is rendben volt.<br \/>\nVisszat\u00e9r\u0151 vend\u00e9gek lesz\u00fcnk<\/em><\/p>\n<p style=\"text-align: right;\"><em>&#8211; K\u00f6sz\u00f6nj\u00fck Tam\u00e1s &amp; Niki<\/em><\/p>\n<\/div><\/li><\/ul><\/div><\/div><div class=\"fusion-layout-column fusion_builder_column fusion-builder-column-4 fusion_builder_column_1_2 1_2 fusion-flex-column fusion-flex-align-self-stretch fusion-animated\" style=\"--awb-padding-top:40px;--awb-padding-right:30px;--awb-padding-bottom:30px;--awb-padding-left:30px;--awb-overflow:hidden;--awb-bg-color:var(--awb-color1);--awb-bg-color-hover:var(--awb-color1);--awb-bg-size:cover;--awb-box-shadow:0px 10px 10px 0px rgba(0,0,0,0.25);;--awb-border-color:hsla(var(--awb-color8-h),var(--awb-color8-s),var(--awb-color8-l),calc(var(--awb-color8-a) - 80%));--awb-border-color-hover:var(--awb-color7);--awb-border-top:2px;--awb-border-right:2px;--awb-border-bottom:2px;--awb-border-left:2px;--awb-border-style:solid;--awb-border-radius:10px 10px 10px 10px;--awb-width-large:50%;--awb-margin-top-large:0px;--awb-spacing-right-large:3.84%;--awb-margin-bottom-large:40px;--awb-spacing-left-large:3.84%;--awb-width-medium:100%;--awb-order-medium:0;--awb-spacing-right-medium:1.92%;--awb-spacing-left-medium:1.92%;--awb-width-small:100%;--awb-order-small:0;--awb-spacing-right-small:1.92%;--awb-spacing-left-small:1.92%;\" data-animationType=\"fadeInUp\" data-animationDuration=\"1.0\" data-animationOffset=\"top-into-view\" data-motion-effects=\"[{&quot;type&quot;:&quot;&quot;,&quot;scroll_type&quot;:&quot;transition&quot;,&quot;scroll_direction&quot;:&quot;up&quot;,&quot;transition_speed&quot;:&quot;1&quot;,&quot;fade_type&quot;:&quot;in&quot;,&quot;scale_type&quot;:&quot;up&quot;,&quot;initial_scale&quot;:&quot;1&quot;,&quot;max_scale&quot;:&quot;1.5&quot;,&quot;min_scale&quot;:&quot;0.5&quot;,&quot;initial_rotate&quot;:&quot;0&quot;,&quot;end_rotate&quot;:&quot;30&quot;,&quot;initial_blur&quot;:&quot;0&quot;,&quot;end_blur&quot;:&quot;3&quot;,&quot;start_element&quot;:&quot;top&quot;,&quot;start_viewport&quot;:&quot;bottom&quot;,&quot;end_element&quot;:&quot;bottom&quot;,&quot;end_viewport&quot;:&quot;top&quot;,&quot;mouse_effect&quot;:&quot;track&quot;,&quot;mouse_effect_direction&quot;:&quot;opposite&quot;,&quot;mouse_effect_speed&quot;:&quot;2&quot;,&quot;infinite_animation&quot;:&quot;float&quot;,&quot;infinite_animation_speed&quot;:&quot;2&quot;}]\" data-scroll-devices=\"small-visibility,medium-visibility,large-visibility\"><div class=\"fusion-column-wrapper fusion-column-has-shadow fusion-flex-justify-content-center fusion-content-layout-column\"><ul style=\"--awb-item-padding-top:10px;--awb-item-padding-bottom:10px;--awb-iconcolor:var(--awb-color7);--awb-line-height:27.2px;--awb-icon-width:27.2px;--awb-icon-height:27.2px;--awb-icon-margin:11.2px;--awb-content-margin:38.4px;\" class=\"fusion-checklist fusion-checklist-4 type-icons\"><li class=\"fusion-li-item\" style=\"\"><span class=\"icon-wrapper circle-no\"><i class=\"fusion-li-icon magisternikonoktitle\" aria-hidden=\"true\"><\/i><\/span><div class=\"fusion-li-item-content\">\n<p><em>Nagyon j\u00f3l \u00e9rezt\u00fck magunkat, a kil\u00e1t\u00e1s b\u00e1mulatos, a legjobb helyen van.<br \/>\nA szem\u00e9lyzet udvarias, seg\u00edt\u0151k\u00e9sz.<br \/>\nA szob\u00e1k sz\u00e9pek, az \u00e9telek finomak.<br \/>\nK\u00f6sz\u00f6nj\u00fck sz\u00e9pen,<\/em><\/p>\n<p style=\"text-align: right;\"><em>&#8211; Erika &amp; Tam\u00e1s<\/em><\/p>\n<\/div><\/li><\/ul><\/div><\/div><\/div><\/div>\n","protected":false},"excerpt":{"rendered":"","protected":false},"author":1,"featured_media":0,"parent":3948,"menu_order":0,"comment_status":"open","ping_status":"closed","template":"100-width.php","meta":{"footnotes":""},"class_list":["post-3974","page","type-page","status-publish","hentry"],"acf":[],"yoast_head":"<!-- This site is optimized with the Yoast SEO Premium plugin v22.8 (Yoast SEO v22.8) - https:\/\/yoast.com\/wordpress\/plugins\/seo\/ -->\n<title>Cartea de oaspeti - Elizabeth Hotel<\/title>\n<meta name=\"robots\" content=\"index, follow, max-snippet:-1, max-image-preview:large, max-video-preview:-1\" \/>\n<link rel=\"canonical\" href=\"https:\/\/www.elizabeth-hotel.hu\/ro\/hotel\/cartea-de-oaspeti\/\" \/>\n<meta property=\"og:locale\" content=\"ro_RO\" \/>\n<meta property=\"og:type\" content=\"article\" \/>\n<meta property=\"og:title\" content=\"Cartea de oaspeti\" \/>\n<meta property=\"og:url\" content=\"https:\/\/www.elizabeth-hotel.hu\/ro\/hotel\/cartea-de-oaspeti\/\" \/>\n<meta property=\"og:site_name\" content=\"Elizabeth Hotel\" \/>\n<meta property=\"article:modified_time\" content=\"2023-11-09T06:10:19+00:00\" \/>\n<meta property=\"og:image\" content=\"https:\/\/www.elizabeth-hotel.hu\/wp-content\/uploads\/2023\/11\/A7R03072.jpg\" \/>\n\t<meta property=\"og:image:width\" content=\"1200\" \/>\n\t<meta property=\"og:image:height\" content=\"801\" \/>\n\t<meta property=\"og:image:type\" content=\"image\/jpeg\" \/>\n<meta name=\"twitter:card\" content=\"summary_large_image\" \/>\n<meta name=\"twitter:label1\" content=\"Timp estimat pentru citire\" \/>\n\t<meta name=\"twitter:data1\" content=\"8 minute\" \/>\n<script type=\"application\/ld+json\" class=\"yoast-schema-graph\">{\"@context\":\"https:\/\/schema.org\",\"@graph\":[{\"@type\":\"WebPage\",\"@id\":\"https:\/\/www.elizabeth-hotel.hu\/ro\/hotel\/cartea-de-oaspeti\/\",\"url\":\"https:\/\/www.elizabeth-hotel.hu\/ro\/hotel\/cartea-de-oaspeti\/\",\"name\":\"Cartea de oaspeti - Elizabeth Hotel\",\"isPartOf\":{\"@id\":\"https:\/\/www.elizabeth-hotel.hu\/ro\/#website\"},\"datePublished\":\"2023-10-16T21:08:15+00:00\",\"dateModified\":\"2023-11-09T06:10:19+00:00\",\"breadcrumb\":{\"@id\":\"https:\/\/www.elizabeth-hotel.hu\/ro\/hotel\/cartea-de-oaspeti\/#breadcrumb\"},\"inLanguage\":\"ro-RO\",\"potentialAction\":[{\"@type\":\"ReadAction\",\"target\":[\"https:\/\/www.elizabeth-hotel.hu\/ro\/hotel\/cartea-de-oaspeti\/\"]}]},{\"@type\":\"BreadcrumbList\",\"@id\":\"https:\/\/www.elizabeth-hotel.hu\/ro\/hotel\/cartea-de-oaspeti\/#breadcrumb\",\"itemListElement\":[{\"@type\":\"ListItem\",\"position\":1,\"name\":\"Home\",\"item\":\"https:\/\/www.elizabeth-hotel.hu\/ro\/\"},{\"@type\":\"ListItem\",\"position\":2,\"name\":\"Hotel\",\"item\":\"https:\/\/www.elizabeth-hotel.hu\/ro\/hotel\/\"},{\"@type\":\"ListItem\",\"position\":3,\"name\":\"Cartea de oaspeti\"}]},{\"@type\":\"WebSite\",\"@id\":\"https:\/\/www.elizabeth-hotel.hu\/ro\/#website\",\"url\":\"https:\/\/www.elizabeth-hotel.hu\/ro\/\",\"name\":\"Elizabeth Hotel\",\"description\":\"Elizabeth Hotel**** - Gyula\",\"publisher\":{\"@id\":\"https:\/\/www.elizabeth-hotel.hu\/ro\/#organization\"},\"potentialAction\":[{\"@type\":\"SearchAction\",\"target\":{\"@type\":\"EntryPoint\",\"urlTemplate\":\"https:\/\/www.elizabeth-hotel.hu\/ro\/?s={search_term_string}\"},\"query-input\":\"required name=search_term_string\"}],\"inLanguage\":\"ro-RO\"},{\"@type\":\"Organization\",\"@id\":\"https:\/\/www.elizabeth-hotel.hu\/ro\/#organization\",\"name\":\"Hotel Magistern\",\"alternateName\":\"Konferencia \u00e9s Wellnesshotel\",\"url\":\"https:\/\/www.elizabeth-hotel.hu\/ro\/\",\"logo\":{\"@type\":\"ImageObject\",\"inLanguage\":\"ro-RO\",\"@id\":\"https:\/\/www.elizabeth-hotel.hu\/ro\/#\/schema\/logo\/image\/\",\"url\":\"\",\"contentUrl\":\"\",\"caption\":\"Hotel Magistern\"},\"image\":{\"@id\":\"https:\/\/www.elizabeth-hotel.hu\/ro\/#\/schema\/logo\/image\/\"}}]}<\/script>\n<!-- \/ Yoast SEO Premium plugin. -->","yoast_head_json":{"title":"Cartea de oaspeti - Elizabeth Hotel","robots":{"index":"index","follow":"follow","max-snippet":"max-snippet:-1","max-image-preview":"max-image-preview:large","max-video-preview":"max-video-preview:-1"},"canonical":"https:\/\/www.elizabeth-hotel.hu\/ro\/hotel\/cartea-de-oaspeti\/","og_locale":"ro_RO","og_type":"article","og_title":"Cartea de oaspeti","og_url":"https:\/\/www.elizabeth-hotel.hu\/ro\/hotel\/cartea-de-oaspeti\/","og_site_name":"Elizabeth Hotel","article_modified_time":"2023-11-09T06:10:19+00:00","og_image":[{"width":1200,"height":801,"url":"https:\/\/www.elizabeth-hotel.hu\/wp-content\/uploads\/2023\/11\/A7R03072.jpg","type":"image\/jpeg"}],"twitter_card":"summary_large_image","twitter_misc":{"Timp estimat pentru citire":"8 minute"},"schema":{"@context":"https:\/\/schema.org","@graph":[{"@type":"WebPage","@id":"https:\/\/www.elizabeth-hotel.hu\/ro\/hotel\/cartea-de-oaspeti\/","url":"https:\/\/www.elizabeth-hotel.hu\/ro\/hotel\/cartea-de-oaspeti\/","name":"Cartea de oaspeti - Elizabeth Hotel","isPartOf":{"@id":"https:\/\/www.elizabeth-hotel.hu\/ro\/#website"},"datePublished":"2023-10-16T21:08:15+00:00","dateModified":"2023-11-09T06:10:19+00:00","breadcrumb":{"@id":"https:\/\/www.elizabeth-hotel.hu\/ro\/hotel\/cartea-de-oaspeti\/#breadcrumb"},"inLanguage":"ro-RO","potentialAction":[{"@type":"ReadAction","target":["https:\/\/www.elizabeth-hotel.hu\/ro\/hotel\/cartea-de-oaspeti\/"]}]},{"@type":"BreadcrumbList","@id":"https:\/\/www.elizabeth-hotel.hu\/ro\/hotel\/cartea-de-oaspeti\/#breadcrumb","itemListElement":[{"@type":"ListItem","position":1,"name":"Home","item":"https:\/\/www.elizabeth-hotel.hu\/ro\/"},{"@type":"ListItem","position":2,"name":"Hotel","item":"https:\/\/www.elizabeth-hotel.hu\/ro\/hotel\/"},{"@type":"ListItem","position":3,"name":"Cartea de oaspeti"}]},{"@type":"WebSite","@id":"https:\/\/www.elizabeth-hotel.hu\/ro\/#website","url":"https:\/\/www.elizabeth-hotel.hu\/ro\/","name":"Elizabeth Hotel","description":"Elizabeth Hotel**** - Gyula","publisher":{"@id":"https:\/\/www.elizabeth-hotel.hu\/ro\/#organization"},"potentialAction":[{"@type":"SearchAction","target":{"@type":"EntryPoint","urlTemplate":"https:\/\/www.elizabeth-hotel.hu\/ro\/?s={search_term_string}"},"query-input":"required name=search_term_string"}],"inLanguage":"ro-RO"},{"@type":"Organization","@id":"https:\/\/www.elizabeth-hotel.hu\/ro\/#organization","name":"Hotel Magistern","alternateName":"Konferencia \u00e9s Wellnesshotel","url":"https:\/\/www.elizabeth-hotel.hu\/ro\/","logo":{"@type":"ImageObject","inLanguage":"ro-RO","@id":"https:\/\/www.elizabeth-hotel.hu\/ro\/#\/schema\/logo\/image\/","url":"","contentUrl":"","caption":"Hotel Magistern"},"image":{"@id":"https:\/\/www.elizabeth-hotel.hu\/ro\/#\/schema\/logo\/image\/"}}]}},"_links":{"self":[{"href":"https:\/\/www.elizabeth-hotel.hu\/ro\/wp-json\/wp\/v2\/pages\/3974","targetHints":{"allow":["GET"]}}],"collection":[{"href":"https:\/\/www.elizabeth-hotel.hu\/ro\/wp-json\/wp\/v2\/pages"}],"about":[{"href":"https:\/\/www.elizabeth-hotel.hu\/ro\/wp-json\/wp\/v2\/types\/page"}],"author":[{"embeddable":true,"href":"https:\/\/www.elizabeth-hotel.hu\/ro\/wp-json\/wp\/v2\/users\/1"}],"replies":[{"embeddable":true,"href":"https:\/\/www.elizabeth-hotel.hu\/ro\/wp-json\/wp\/v2\/comments?post=3974"}],"version-history":[{"count":0,"href":"https:\/\/www.elizabeth-hotel.hu\/ro\/wp-json\/wp\/v2\/pages\/3974\/revisions"}],"up":[{"embeddable":true,"href":"https:\/\/www.elizabeth-hotel.hu\/ro\/wp-json\/wp\/v2\/pages\/3948"}],"wp:attachment":[{"href":"https:\/\/www.elizabeth-hotel.hu\/ro\/wp-json\/wp\/v2\/media?parent=3974"}],"curies":[{"name":"wp","href":"https:\/\/api.w.org\/{rel}","templated":true}]}}